{"id":105,"date":"2021-02-07T17:24:40","date_gmt":"2021-02-07T16:24:40","guid":{"rendered":"https:\/\/medeaperren.ch\/?page_id=105"},"modified":"2021-02-07T17:47:06","modified_gmt":"2021-02-07T16:47:06","slug":"rechtliches","status":"publish","type":"page","link":"https:\/\/medeaperren.ch\/?page_id=105","title":{"rendered":"Rechtliches"},"content":{"rendered":"<div id='av_section_1'  class='avia-section av-kkvdmrcr-e031c5de762191fe61dc1d018c441777 main_color avia-section-default avia-no-border-styling  avia-builder-el-0  avia-builder-el-no-sibling  avia-bg-style-scroll container_wrap sidebar_right'  ><div class='container av-section-cont-open' ><main  role=\"main\" itemprop=\"mainContentOfPage\"  class='template-page content  av-content-small alpha units'><div class='post-entry post-entry-type-page post-entry-105'><div class='entry-content-wrapper clearfix'>\n\n<style type=\"text\/css\" data-created_by=\"avia_inline_auto\" id=\"style-css-av-gn7u9-43949ee0d33dd67e7cc94cb7b93a7559\">\n.flex_column.av-gn7u9-43949ee0d33dd67e7cc94cb7b93a7559{\nborder-radius:0px 0px 0px 0px;\npadding:0px 0px 0px 0px;\n}\n<\/style>\n<div  class='flex_column av-gn7u9-43949ee0d33dd67e7cc94cb7b93a7559 av_one_full  avia-builder-el-1  el_before_av_three_fourth  avia-builder-el-first  first flex_column_div av-zero-column-padding  '     ><style type=\"text\/css\" data-created_by=\"avia_inline_auto\" id=\"style-css-av-av_heading-d8c44867915a4a84b1852331a1ff935d\">\n#top .av-special-heading.av-av_heading-d8c44867915a4a84b1852331a1ff935d{\npadding-bottom:10px;\n}\nbody .av-special-heading.av-av_heading-d8c44867915a4a84b1852331a1ff935d .av-special-heading-tag .heading-char{\nfont-size:25px;\n}\n.av-special-heading.av-av_heading-d8c44867915a4a84b1852331a1ff935d .av-subheading{\nfont-size:15px;\n}\n<\/style>\n<div  class='av-special-heading av-av_heading-d8c44867915a4a84b1852331a1ff935d av-special-heading-h1 blockquote classic-quote classic-quote-left  avia-builder-el-2  avia-builder-el-no-sibling '><h1 class='av-special-heading-tag '  itemprop=\"headline\"  >Rechtliche Hinweise<\/h1><div class=\"special-heading-border\"><div class=\"special-heading-inner-border\"><\/div><\/div><\/div><\/div>\n<style type=\"text\/css\" data-created_by=\"avia_inline_auto\" id=\"style-css-av-8ilw1-11d0296944607eddb2b0ca24862d7b15\">\n.flex_column.av-8ilw1-11d0296944607eddb2b0ca24862d7b15{\nborder-radius:0px 0px 0px 0px;\npadding:0px 0px 0px 0px;\n}\n<\/style>\n<div  class='flex_column av-8ilw1-11d0296944607eddb2b0ca24862d7b15 av_three_fourth  avia-builder-el-3  el_after_av_one_full  avia-builder-el-last  first flex_column_div av-zero-column-padding  column-top-margin'     ><div  class='togglecontainer av-kkvdlfa1-4cf96c5a4318e310a028de54693d76cc av-elegant-toggle  avia-builder-el-4  avia-builder-el-no-sibling  toggle_close_all' >\n<section class='av_toggle_section av-rga0h-888842809e7b8c742303c4bf2e136683'  itemscope=\"itemscope\" itemtype=\"https:\/\/schema.org\/CreativeWork\" ><div role=\"tablist\" class=\"single_toggle\" data-tags=\"{Alle} \"  ><p id='toggle-toggle-id-1' data-fake-id='#toggle-id-1' class='toggler  av-title-above '  itemprop=\"headline\"  role='tab' tabindex='0' aria-controls='toggle-id-1' data-slide-speed=\"200\" data-title=\"Haftung\" data-title-open=\"\" data-aria_collapsed=\"Click to expand: Haftung\" data-aria_expanded=\"Click to collapse: Haftung\">Haftung<span class=\"toggle_icon\"><span class=\"vert_icon\"><\/span><span class=\"hor_icon\"><\/span><\/span><\/p><div id='toggle-id-1' aria-labelledby='toggle-toggle-id-1' role='region' class='toggle_wrap  av-title-above'  ><div class='toggle_content invers-color '  itemprop=\"text\" ><p>Die auf unserer Website enthaltenen Angaben und Links dienen allein zur Information der Besucher. F\u00fcr die jederzeitige Richtigkeit und Vollst\u00e4ndigkeit der Informationsinhalte unserer Website \u00fcbernehmen wir keine Gew\u00e4hr. Wir schliessen jede Haftung f\u00fcr eventuelle Sch\u00e4den im Zusammenhang mit der Nutzung unserer Website und der darin enthaltenen Informationen aus.<\/p>\n<\/div><\/div><\/div><\/section>\n<section class='av_toggle_section av-n6iip-e234045ec997c178bf4a7dd91087558e'  itemscope=\"itemscope\" itemtype=\"https:\/\/schema.org\/CreativeWork\" ><div role=\"tablist\" class=\"single_toggle\" data-tags=\"{Alle} \"  ><p id='toggle-toggle-id-2' data-fake-id='#toggle-id-2' class='toggler  av-title-above '  itemprop=\"headline\"  role='tab' tabindex='0' aria-controls='toggle-id-2' data-slide-speed=\"200\" data-title=\"Links &amp; Hyperlinks\" data-title-open=\"\" data-aria_collapsed=\"Click to expand: Links &amp; Hyperlinks\" data-aria_expanded=\"Click to collapse: Links &amp; Hyperlinks\">Links &amp; Hyperlinks<span class=\"toggle_icon\"><span class=\"vert_icon\"><\/span><span class=\"hor_icon\"><\/span><\/span><\/p><div id='toggle-id-2' aria-labelledby='toggle-toggle-id-2' role='region' class='toggle_wrap  av-title-above'  ><div class='toggle_content invers-color '  itemprop=\"text\" ><p>Verweise und Links auf Webseiten Dritter liegen ausserhalb unseres Verantwortungsbereichs. Der Zugriff und die Nutzung solcher Webseiten erfolgen auf eigene Gefahr des Nutzers oder der Nutzerin. Wir erkl\u00e4ren ausdr\u00fccklich, dass wir keinerlei Einfluss auf die Gestaltung, den Inhalt und die Angebote der verkn\u00fcpften Seiten haben. Informationen und Dienstleistungen von verkn\u00fcpften Webseiten liegen vollumf\u00e4nglich in der Verantwortung des jeweiligen Dritten.<\/p>\n<p>Wir lehnen jegliche Verantwortung f\u00fcr solche Webseiten ab.<\/p>\n<\/div><\/div><\/div><\/section>\n<section class='av_toggle_section av-g1lah-e4b614c99acf84f13d1a3c906638a47c'  itemscope=\"itemscope\" itemtype=\"https:\/\/schema.org\/CreativeWork\" ><div role=\"tablist\" class=\"single_toggle\" data-tags=\"{Alle} \"  ><p id='toggle-toggle-id-3' data-fake-id='#toggle-id-3' class='toggler  av-title-above '  itemprop=\"headline\"  role='tab' tabindex='0' aria-controls='toggle-id-3' data-slide-speed=\"200\" data-title=\"Datenschutz\" data-title-open=\"\" data-aria_collapsed=\"Click to expand: Datenschutz\" data-aria_expanded=\"Click to collapse: Datenschutz\">Datenschutz<span class=\"toggle_icon\"><span class=\"vert_icon\"><\/span><span class=\"hor_icon\"><\/span><\/span><\/p><div id='toggle-id-3' aria-labelledby='toggle-toggle-id-3' role='region' class='toggle_wrap  av-title-above'  ><div class='toggle_content invers-color '  itemprop=\"text\" ><p>Beim Zugriff auf unsere Webseiten werden folgende Daten in Logfiles gespeichert: IP-Adresse, Datum, Uhrzeit, Browser-Anfrage und allgemeine Informationen zum verwendeten Betriebssystem respektive Browser.<\/p>\n<p>Bei der freiwilligen Kontaktaufnahme wird Ihre Email-Adresse in eine separate Datenbank aufgenommen, welche nicht mit den anonymen Logfiles verkn\u00fcpft wird. Sie haben jederzeit die M\u00f6glichkeit, Ihre Registrierung wieder r\u00fcckg\u00e4ngig zu machen.<\/p>\n<p>In enger Zusammenarbeit mit unseren Hosting-Provider und Datenbankbetreiber bem\u00fchen wir uns, die Datenbanken so gut wie m\u00f6glich vor fremden Zugriffen, Verlusten, Missbrauch oder vor F\u00e4lschung zu sch\u00fctzen.<\/p>\n<p>An uns \u00fcbermittelte oder von uns gesammelte pers\u00f6nliche Daten werden streng vertraulich behandelt, weder an Dritte verkauft noch weitergegeben.<\/p>\n<p>Gem\u00e4ss Bundesgesetz betreffend die \u00dcberwachung des Post- und Fernmeldeverkehrs (B\u00dcPF) besteht eine gesetzliche Aufbewahrungspflicht f\u00fcr Verbindungsdaten der letzten sechs Monate.<\/p>\n<p>Weitere Informationen entnehmen Sie bitte unserer <a href=\"https:\/\/medeaperren.ch\/datenschutz\/\">Datenschutzerkl\u00e4rung<\/a>.<\/p>\n<\/div><\/div><\/div><\/section>\n<section class='av_toggle_section av-av_toggle-7757c49d4e3dbc4c63493315398c5918'  itemscope=\"itemscope\" itemtype=\"https:\/\/schema.org\/CreativeWork\" ><div role=\"tablist\" class=\"single_toggle\" data-tags=\"{Alle} \"  ><p id='toggle-toggle-id-4' data-fake-id='#toggle-id-4' class='toggler  av-title-above '  itemprop=\"headline\"  role='tab' tabindex='0' aria-controls='toggle-id-4' data-slide-speed=\"200\" data-title=\"Copyright\" data-title-open=\"\" data-aria_collapsed=\"Click to expand: Copyright\" data-aria_expanded=\"Click to collapse: Copyright\">Copyright<span class=\"toggle_icon\"><span class=\"vert_icon\"><\/span><span class=\"hor_icon\"><\/span><\/span><\/p><div id='toggle-id-4' aria-labelledby='toggle-toggle-id-4' role='region' class='toggle_wrap  av-title-above'  ><div class='toggle_content invers-color '  itemprop=\"text\" ><div id=\"toggle-id-4\" class=\"toggle_wrap active_tc\">\n<div class=\"toggle_content invers-color \">\n<section class=\"av_textblock_section \">\n<div class=\"avia_textblock \">\n<p>Die auf den einzelnen Webseiten enthaltenen Informationen werden der \u00d6ffentlichkeit zug\u00e4nglich gemacht. Durch das Herunterladen oder Kopieren von Inhalten, Bildern, Fotos oder anderen Dateien werden keinerlei Rechte bez\u00fcglich der Inhalte \u00fcbertragen.<\/p>\n<p>Die Urheber- und alle anderen Rechte an Inhalten, Bildern, Fotos oder anderen Dateien auf unserer Website geh\u00f6ren ausschliesslich uns oder den speziell genannten Rechtsinhabern. Einige Webseiten k\u00f6nnen auch Bilder und Texte enthalten, die dem Copyright Dritter unterliegen. F\u00fcr die Reproduktion jeglicher Elemente ist die schriftliche Zustimmung der Urheberrechtstr\u00e4ger im Voraus einzuholen.<\/p>\n<p>Soweit nicht anders angegeben, sind alle Markenzeichen auf dieser Website markenrechtlich gesch\u00fctzt. Dies gilt insbesondere f\u00fcr unseren Markennamen, das Firmenlogo und s\u00e4mtliche Embleme. Alle Nutzungen sind vorbehalten.<\/p>\n<\/div>\n<\/section>\n<\/div>\n<\/div>\n<\/div><\/div><\/div><\/section>\n<\/div><\/div><\/div><\/div><\/main><!-- close content main element --><\/div><\/div><div id='after_section_1'  class='main_color av_default_container_wrap container_wrap sidebar_right'  ><div class='container av-section-cont-open' ><div class='template-page content  av-content-small alpha units'><div class='post-entry post-entry-type-page post-entry-105'><div class='entry-content-wrapper clearfix'>\n","protected":false},"excerpt":{"rendered":"","protected":false},"author":4,"featured_media":0,"parent":0,"menu_order":2,"comment_status":"closed","ping_status":"closed","template":"","meta":{"footnotes":""},"class_list":["post-105","page","type-page","status-publish","hentry"],"_links":{"self":[{"href":"https:\/\/medeaperren.ch\/index.php?rest_route=\/wp\/v2\/pages\/105","targetHints":{"allow":["GET"]}}],"collection":[{"href":"https:\/\/medeaperren.ch\/index.php?rest_route=\/wp\/v2\/pages"}],"about":[{"href":"https:\/\/medeaperren.ch\/index.php?rest_route=\/wp\/v2\/types\/page"}],"author":[{"embeddable":true,"href":"https:\/\/medeaperren.ch\/index.php?rest_route=\/wp\/v2\/users\/4"}],"replies":[{"embeddable":true,"href":"https:\/\/medeaperren.ch\/index.php?rest_route=%2Fwp%2Fv2%2Fcomments&post=105"}],"version-history":[{"count":11,"href":"https:\/\/medeaperren.ch\/index.php?rest_route=\/wp\/v2\/pages\/105\/revisions"}],"predecessor-version":[{"id":124,"href":"https:\/\/medeaperren.ch\/index.php?rest_route=\/wp\/v2\/pages\/105\/revisions\/124"}],"wp:attachment":[{"href":"https:\/\/medeaperren.ch\/index.php?rest_route=%2Fwp%2Fv2%2Fmedia&parent=105"}],"curies":[{"name":"wp","href":"https:\/\/api.w.org\/{rel}","templated":true}]}}