{"id":108,"date":"2021-02-07T17:24:50","date_gmt":"2021-02-07T16:24:50","guid":{"rendered":"https:\/\/medeaperren.ch\/?page_id=108"},"modified":"2021-02-07T18:09:55","modified_gmt":"2021-02-07T17:09:55","slug":"datenschutz","status":"publish","type":"page","link":"https:\/\/medeaperren.ch\/?page_id=108","title":{"rendered":"Datenschutz"},"content":{"rendered":"\n<style type=\"text\/css\" data-created_by=\"avia_inline_auto\" id=\"style-css-av-r8ls4-b29db9478db1a964b16534f3730358f8\">\n.flex_column.av-r8ls4-b29db9478db1a964b16534f3730358f8{\nborder-radius:0px 0px 0px 0px;\npadding:0px 0px 0px 0px;\n}\n<\/style>\n<div  class='flex_column av-r8ls4-b29db9478db1a964b16534f3730358f8 av_one_full  avia-builder-el-0  el_before_av_three_fourth  avia-builder-el-first  first flex_column_div av-zero-column-padding  '     ><style type=\"text\/css\" data-created_by=\"avia_inline_auto\" id=\"style-css-av-kkveb4gt-361bdf6a3bb080ec87dc19a7ecc13fb5\">\n#top .av-special-heading.av-kkveb4gt-361bdf6a3bb080ec87dc19a7ecc13fb5{\npadding-bottom:10px;\n}\nbody .av-special-heading.av-kkveb4gt-361bdf6a3bb080ec87dc19a7ecc13fb5 .av-special-heading-tag .heading-char{\nfont-size:25px;\n}\n.av-special-heading.av-kkveb4gt-361bdf6a3bb080ec87dc19a7ecc13fb5 .av-subheading{\nfont-size:15px;\n}\n<\/style>\n<div  class='av-special-heading av-kkveb4gt-361bdf6a3bb080ec87dc19a7ecc13fb5 av-special-heading-h1 blockquote classic-quote classic-quote-left  avia-builder-el-1  avia-builder-el-no-sibling '><h1 class='av-special-heading-tag '  itemprop=\"headline\"  >Datenschutz<\/h1><div class=\"special-heading-border\"><div class=\"special-heading-inner-border\"><\/div><\/div><\/div><\/div>\n\n<style type=\"text\/css\" data-created_by=\"avia_inline_auto\" id=\"style-css-av-jnyys-d2512ea5aca9fc98bbe04a15151192af\">\n.flex_column.av-jnyys-d2512ea5aca9fc98bbe04a15151192af{\nborder-radius:0px 0px 0px 0px;\npadding:0px 0px 0px 0px;\n}\n<\/style>\n<div  class='flex_column av-jnyys-d2512ea5aca9fc98bbe04a15151192af av_three_fourth  avia-builder-el-2  el_after_av_one_full  avia-builder-el-last  first flex_column_div av-zero-column-padding  column-top-margin'     ><div  class='togglecontainer av-kkvee6v9-d7bbad8851a7b5788267910c15e8a846 av-elegant-toggle  avia-builder-el-3  avia-builder-el-no-sibling  toggle_close_all' >\n<section class='av_toggle_section av-av_toggle-6f2a6aa0a04aa526ff1d33d05cc0606b'  itemscope=\"itemscope\" itemtype=\"https:\/\/schema.org\/CreativeWork\" ><div role=\"tablist\" class=\"single_toggle\" data-tags=\"{Alle} \"  ><p id='toggle-toggle-id-1' data-fake-id='#toggle-id-1' class='toggler  av-title-above '  itemprop=\"headline\"  role='tab' tabindex='0' aria-controls='toggle-id-1' data-slide-speed=\"200\" data-title=\"A. Informationen \u00fcber die Erhebung personenbezogener Daten\" data-title-open=\"\" data-aria_collapsed=\"Click to expand: A. Informationen \u00fcber die Erhebung personenbezogener Daten\" data-aria_expanded=\"Click to collapse: A. Informationen \u00fcber die Erhebung personenbezogener Daten\">A. Informationen \u00fcber die Erhebung personenbezogener Daten<span class=\"toggle_icon\"><span class=\"vert_icon\"><\/span><span class=\"hor_icon\"><\/span><\/span><\/p><div id='toggle-id-1' aria-labelledby='toggle-toggle-id-1' role='region' class='toggle_wrap  av-title-above'  ><div class='toggle_content invers-color '  itemprop=\"text\" ><h2>1. Geltungsbereich<\/h2>\n<p>Diese Erkl\u00e4rung gilt f\u00fcr die unter <em>medeaperren.ch<\/em> abrufbaren Internetseiten. Bitte beachten Sie, dass unter <em>medeaperren.ch<\/em> auf weitere Internetseiten verwiesen werden kann, f\u00fcr welche abweichende Datenschutzregeln gelten k\u00f6nnen.<\/p>\n<h2>2. Verantwortlich<\/h2>\n<p>Medea Perren<br \/>\n<a href=\"mailto:me@medeaperren.ch\">me@medeaperren.ch<\/a><\/p>\n<h2>3. L\u00f6schung und Speicherdauer<\/h2>\n<p>Die personenbezogenen Daten der betroffenen Person werden gel\u00f6scht oder gesperrt, sobald der Zweck der Speicherung entf\u00e4llt. Dar\u00fcber hinaus kann eine Speicherung erfolgen, wenn dies gesetzlich vorgesehen ist. Eine Sperrung oder L\u00f6schung der Daten erfolgt auch dann, wenn eine gesetzlich vorgeschriebene Speicherfrist abl\u00e4uft, es sei denn, dass eine Erforderlichkeit zur weiteren Speicherung der Daten f\u00fcr einen Vertragsabschluss oder eine Vertragserf\u00fcllung besteht.<\/p>\n<h2>4. Einbezug von Dienstleistern und Nutzung von Personendaten f\u00fcr Werbung<\/h2>\n<p>Falls wir f\u00fcr einzelne Funktionen unseres Angebots auf beauftragte Dienstleister zur\u00fcckgreifen oder Ihre Daten f\u00fcr werbliche Zwecke nutzen m\u00f6chten, werden wir Sie untenstehend im Detail \u00fcber die jeweiligen Vorg\u00e4nge informieren. Dabei nennen wir auch die festgelegten Kriterien der Speicherdauer.<\/p>\n<\/div><\/div><\/div><\/section>\n<section class='av_toggle_section av-l1sy4-4101c316292f75ee367396c34248862f'  itemscope=\"itemscope\" itemtype=\"https:\/\/schema.org\/CreativeWork\" ><div role=\"tablist\" class=\"single_toggle\" data-tags=\"{Alle} \"  ><p id='toggle-toggle-id-2' data-fake-id='#toggle-id-2' class='toggler  av-title-above '  itemprop=\"headline\"  role='tab' tabindex='0' aria-controls='toggle-id-2' data-slide-speed=\"200\" data-title=\"B. Datenverarbeitung\" data-title-open=\"\" data-aria_collapsed=\"Click to expand: B. Datenverarbeitung\" data-aria_expanded=\"Click to collapse: B. Datenverarbeitung\">B. Datenverarbeitung<span class=\"toggle_icon\"><span class=\"vert_icon\"><\/span><span class=\"hor_icon\"><\/span><\/span><\/p><div id='toggle-id-2' aria-labelledby='toggle-toggle-id-2' role='region' class='toggle_wrap  av-title-above'  ><div class='toggle_content invers-color '  itemprop=\"text\" ><h2>1. Allgemeine Datenverarbeitung beim Besuch unserer Webseite<\/h2>\n<p>Bei der blo\u00df informatorischen Nutzung der Website, also wenn Sie uns nicht anderweitig Informationen \u00fcbermitteln, erheben wir nur die personenbezogenen Daten, die Ihr Browser an unseren Server \u00fcbermittelt. Bei der Speicherung dieser Daten findet keine Zuordnung zu einer bestimmten Person statt. Wenn Sie unsere Website betrachten, erheben wir die folgenden Daten, die f\u00fcr uns technisch erforderlich sind, um Ihnen unsere Website anzuzeigen und die Stabilit\u00e4t und Sicherheit zu gew\u00e4hrleisten:<\/p>\n<ul>\n<li>IP Adresse<\/li>\n<li>Datum und Uhrzeit der Anfrage<\/li>\n<li>Zeitzonendifferenz zur Greenwich Mean Time (GMT) Zeitzone<\/li>\n<li>Inhalt der Anforderung (konkrete Seite)<\/li>\n<li>Zugriffsstatus\/http-Statuscode<\/li>\n<li>Jeweils \u00fcbertragene Datenmenge<\/li>\n<li>Webseite, von der die Anforderung kommt<\/li>\n<li>Browser (inkl. Sprache und Version)<\/li>\n<li>Betriebssystem und Version der Browsersoftware.<\/li>\n<\/ul>\n<h2>2. Kontakt per Email<\/h2>\n<p>Bei Ihrer Kontaktaufnahme mit uns per Email werden wir die von Ihnen mitgeteilten Daten (Ihre E-Mail-Adresse, ggf. Ihr Name und Ihre Telefonnummer) von uns gespeichert, um Termine zu Vereinbaren oder Ihre Fragen zu beantworten. Die in diesem Zusammenhang anfallenden Daten l\u00f6schen wir, nachdem die Speicherung nicht mehr erforderlich ist, oder schr\u00e4nken die Verarbeitung ein, falls gesetzliche Aufbewahrungspflichten bestehen.<\/p>\n<h2>3. Cookies<\/h2>\n<p>Zus\u00e4tzlich zu den zuvor genannten Daten werden bei Ihrer Nutzung unserer Websiten Cookies auf Ihrem Rechner gespeichert. Bei Cookies handelt es sich um kleine Textdateien, die auf Ihrer Festplatte dem von Ihnen verwendeten Browser zugeordnet gespeichert werden und durch welche der Stelle, die den Cookie setzt (hier durch uns), bestimmte Informationen zuflie\u00dfen. Cookies k\u00f6nnen keine Programme ausf\u00fchren oder Viren auf Ihren Computer \u00fcbertragen. Sie dienen dazu, das Internetangebot insgesamt nutzerfreundlicher und effektiver zu machen.<\/p>\n<p>Unsere Website nutzt folgende Arten von Cookies, deren Umfang und Funktionsweise im Folgenden erl\u00e4utert werden:<\/p>\n<p>\u2013Transiente Cookies (dazu unten 3.1)<\/p>\n<p>\u2013Persistente Cookies (dazu unten 3.2).<\/p>\n<h3>3.1 Transiente Cookies<\/h3>\n<p>Transiente Cookies werden automatisiert gel\u00f6scht, wenn Sie den Browser schlie\u00dfen. Dazu z\u00e4hlen insbesondere die Session-Cookies. Diese speichern eine sogenannte Session-ID, mit welcher sich verschiedene Anfragen Ihres Browsers der gemeinsamen Sitzung zuordnen lassen. Dadurch kann Ihr Rechner wiedererkannt werden, wenn Sie auf unsere Website zur\u00fcckkehren. Die Session-Cookies werden gel\u00f6scht, wenn Sie sich ausloggen oder den Browser schlie\u00dfen.<\/p>\n<h3>3.2 Persistente Cookies<\/h3>\n<p>Persistente Cookies werden automatisiert nach einer vorgegebenen Dauer gel\u00f6scht, die sich je nach Cookie unterscheiden kann. Sie k\u00f6nnen die Cookies in den Sicherheitseinstellungen Ihres Browsers jederzeit l\u00f6schen.<\/p>\n<h3>3.3 Cookie Einstellung<\/h3>\n<p>Sie k\u00f6nnen Ihre Browser-Einstellung entsprechend Ihren W\u00fcnschen konfigurieren und z.\u2009B. die Annahme von Third-Party-Cookies oder allen Cookies ablehnen. Wir weisen Sie darauf hin, dass Sie eventuell nicht alle Funktionen dieser Website nutzen k\u00f6nnen.<\/p>\n<h2><strong>4. Google Fonts<\/strong><\/h2>\n<p>Diese Seite nutzt zur einheitlichen Darstellung von Schriftarten die Google Fonts. Anbieter ist die Google Inc., 1600 Amphitheatre Parkway, Mountain View, CA 94043, USA.<\/p>\n<p>Zur Nutzung der Schriftarten von Google ist es notwendig, Ihre IP Adresse zu speichern. Diese Informationen werden in der Regel an einen Server von Google in den USA \u00fcbertragen und dort gespeichert. Durch die Nutzung dieser Website erkl\u00e4ren Sie sich mit der Bearbeitung der \u00fcber Sie erhobenen Daten durch Google einverstanden.<\/p>\n<p>Mehr Informationen zum Umgang mit Nutzerdaten finden Sie in der <a href=\"https:\/\/www.google.de\/intl\/de\/policies\/privacy\/\" target=\"_blank\" rel=\"noopener\">Datenschutzerkl\u00e4rung von Google<\/a>.<\/p>\n<\/div><\/div><\/div><\/section>\n<section class='av_toggle_section av-gey04-2c6dcd5aa456a0ec589e59f54bcc1a11'  itemscope=\"itemscope\" itemtype=\"https:\/\/schema.org\/CreativeWork\" ><div role=\"tablist\" class=\"single_toggle\" data-tags=\"{Alle} \"  ><p id='toggle-toggle-id-3' data-fake-id='#toggle-id-3' class='toggler  av-title-above '  itemprop=\"headline\"  role='tab' tabindex='0' aria-controls='toggle-id-3' data-slide-speed=\"200\" data-title=\"C. Ihre Rechte\" data-title-open=\"\" data-aria_collapsed=\"Click to expand: C. Ihre Rechte\" data-aria_expanded=\"Click to collapse: C. Ihre Rechte\">C. Ihre Rechte<span class=\"toggle_icon\"><span class=\"vert_icon\"><\/span><span class=\"hor_icon\"><\/span><\/span><\/p><div id='toggle-id-3' aria-labelledby='toggle-toggle-id-3' role='region' class='toggle_wrap  av-title-above'  ><div class='toggle_content invers-color '  itemprop=\"text\" ><p>Sie haben das Recht, jederzeit Ihre Einwilligung zur Verwendung Ihrer personenbezogenen Daten zu widerrufen und Auskunft \u00fcber alle Ihre bei uns gespeicherten personenbezogenen Daten zu erhalten, diese zu \u00fcberpr\u00fcfen, gegebenenfalls berichtigen, sperren oder l\u00f6schen zu lassen. Wenden Sie sich hierzu an die verantwortliche Stelle (Kontaktdaten siehe oben).<\/p>\n<p>Eine L\u00f6schung kann nur dann nicht erfolgen, wenn wir zur Aufbewahrung Ihrer personenbezogenen Daten gesetzlich verpflichtet sind. In diesem Fall erfolgt eine Sperrung der Daten.<\/p>\n<\/div><\/div><\/div><\/section>\n<section class='av_toggle_section av-bh384-9c1ee12b5ca3f00ef4c3fd9e3a082f64'  itemscope=\"itemscope\" itemtype=\"https:\/\/schema.org\/CreativeWork\" ><div role=\"tablist\" class=\"single_toggle\" data-tags=\"{Alle} \"  ><p id='toggle-toggle-id-4' data-fake-id='#toggle-id-4' class='toggler  av-title-above '  itemprop=\"headline\"  role='tab' tabindex='0' aria-controls='toggle-id-4' data-slide-speed=\"200\" data-title=\"D. \u00c4nderungsvorbehalt\" data-title-open=\"\" data-aria_collapsed=\"Click to expand: D. \u00c4nderungsvorbehalt\" data-aria_expanded=\"Click to collapse: D. \u00c4nderungsvorbehalt\">D. \u00c4nderungsvorbehalt<span class=\"toggle_icon\"><span class=\"vert_icon\"><\/span><span class=\"hor_icon\"><\/span><\/span><\/p><div id='toggle-id-4' aria-labelledby='toggle-toggle-id-4' role='region' class='toggle_wrap  av-title-above'  ><div class='toggle_content invers-color '  itemprop=\"text\" ><p>Wir behalten uns das Recht vor, diese Erkl\u00e4rung jederzeit zu \u00e4ndern. Sie begr\u00fcndet keine vertraglichen Rechte.<\/p>\n<p><strong>Stand: Februar 2021<\/strong><\/p>\n<\/div><\/div><\/div><\/section>\n<\/div><\/div>\n","protected":false},"excerpt":{"rendered":"","protected":false},"author":4,"featured_media":0,"parent":0,"menu_order":3,"comment_status":"closed","ping_status":"closed","template":"","meta":{"footnotes":""},"class_list":["post-108","page","type-page","status-publish","hentry"],"_links":{"self":[{"href":"https:\/\/medeaperren.ch\/index.php?rest_route=\/wp\/v2\/pages\/108","targetHints":{"allow":["GET"]}}],"collection":[{"href":"https:\/\/medeaperren.ch\/index.php?rest_route=\/wp\/v2\/pages"}],"about":[{"href":"https:\/\/medeaperren.ch\/index.php?rest_route=\/wp\/v2\/types\/page"}],"author":[{"embeddable":true,"href":"https:\/\/medeaperren.ch\/index.php?rest_route=\/wp\/v2\/users\/4"}],"replies":[{"embeddable":true,"href":"https:\/\/medeaperren.ch\/index.php?rest_route=%2Fwp%2Fv2%2Fcomments&post=108"}],"version-history":[{"count":6,"href":"https:\/\/medeaperren.ch\/index.php?rest_route=\/wp\/v2\/pages\/108\/revisions"}],"predecessor-version":[{"id":135,"href":"https:\/\/medeaperren.ch\/index.php?rest_route=\/wp\/v2\/pages\/108\/revisions\/135"}],"wp:attachment":[{"href":"https:\/\/medeaperren.ch\/index.php?rest_route=%2Fwp%2Fv2%2Fmedia&parent=108"}],"curies":[{"name":"wp","href":"https:\/\/api.w.org\/{rel}","templated":true}]}}